{"id":338,"date":"2011-07-03T21:08:43","date_gmt":"2011-07-03T19:08:43","guid":{"rendered":"http:\/\/www.patchworkmanufaktur.de\/?page_id=338"},"modified":"2021-11-06T16:06:41","modified_gmt":"2021-11-06T15:06:41","slug":"uber-uns","status":"publish","type":"page","link":"https:\/\/www.patchworkmanufaktur.de\/?page_id=338","title":{"rendered":"Historie der Quilt-Angels"},"content":{"rendered":"<p style=\"text-align: center;\"><span style=\"color: #000000;\"><em>\u00a0 \u00a0 Wir, das sind die<strong>\u00a0Quilt-Angels. <\/strong> <\/em><em>Frauen, die das gemeinsame Hobby PATCHWORK verbindet und der <span style=\"text-decoration: underline;\">Wunsch zu helfen<\/span>.<\/em><\/span><\/p>\n<p style=\"text-align: center;\"><span style=\"color: #000000;\"><em>Wir unterst\u00fctzen und realisieren caritative Projekte f\u00fcr Menschen,\u00a0welche nicht immer auf der Sonnenseite des Lebens stehen.<\/em><\/span><\/p>\n<p style=\"text-align: center;\"><span style=\"color: #000000;\"><em>Gen\u00e4ht, gepatcht und gequiltet werden Kissen und Decken f\u00fcr Kinder. \u00a0Auch\u00a0die Broviac &#8211; Katheterbeutel sind ein `Muss` f\u00fcr die Kinderkliniken.<\/em><\/span><\/p>\n<p style=\"text-align: center;\"><span style=\"color: #000000;\"><em>Wir n\u00e4hen f\u00fcr erkrankte Frauen Herzkissen. Diese sind aus\u00a0therapeutischen\u00a0<\/em><\/span><span style=\"color: #000000;\"><em>Gr\u00fcnden sehr wichtig. Jede von uns k\u00f6nnte die n\u00e4chsten Frauen sein, welche dieser schwere Schicksalsschlag trifft, dann ist doch jede Frau froh f\u00fcr Hilfe, Zuwendung und Verst\u00e4ndnis.<\/em><\/span><\/p>\n<p style=\"text-align: center;\"><span style=\"color: #000000;\"><em>Jedes Jahr stehen wir mit unserem Engagement hinter einem sozialen Versprechen.<\/em><\/span><\/p>\n<p style=\"text-align: center;\"><span style=\"color: #000000;\"><em>Und unser Lohn? Lachende Kinderaugen und dankbare Frauen, die hautnah sp\u00fcren, da\u00df es Hilfe und Erleichterung gibt.<\/em><\/span><\/p>\n<p>&nbsp;<\/p>\n<p style=\"text-align: center;\"><strong>Aber ich\u00a0mu\u00df auch deutlich sagen, da\u00df wir keine PATCHWORK- GRUPPE \u00a0 sind !!\u00a0<\/strong><\/p>\n<p style=\"text-align: center;\">Da \u00a0ein gr0\u00dfer Teil der Gruppe\u00a0&#8220; Quilt &#8211; Angels &#8220; Patchwork als Hobby betreibt ist es ungemein praktisch, denn diese Frauen k\u00f6nnen mit den unterschiedlichsten Stoffst\u00fcckchen etwas anfangen und kleine Kunstwerke herstellen.<\/p>\n<p style=\"text-align: center;\">Wir freuen uns auch immer \u00fcber gespendete Stoffe, allerdings sollten es <strong>ausschlie\u00dflich neue<\/strong> <strong>Stoffe<\/strong> sein mit kindlichem\u00a0Designe oder Stoffemuster welche sich\u00a0f\u00fcr die\u00a0Herzkissen der operierten\u00a0Frauen\u00a0eignen!<\/p>\n<p style=\"text-align: center;\">***********<\/p>\n<p style=\"text-align: center;\">Klar tauschen sich die Patcher\/Quilter untereinander ihre Erfahrungen aus. Das macht Spa\u00df und jede kann davon profitieren.<\/p>\n<p style=\"text-align: center;\">Aber f\u00fcr <strong>mich ist nur wichtig<\/strong>, wer ebenso tickt wie ich \u00a0und bereit ist diese solidarische Leistung ausschlie\u00dflich f\u00fcr an Krebs erkrankten Kindern und Frauen, Monat f\u00fcr Monat zu erbringen.<\/p>\n<p style=\"text-align: center;\"><strong>Nur aus diesem\u00a0Grund gr\u00fcndete und leite ich diese Gruppe!\u00a0<\/strong><\/p>\n<p style=\"text-align: center;\"><strong>Jeder kann Mitglied werden.\u00a0<\/strong><\/p>\n<p style=\"text-align: center;\">Auch wer &#8220; nur&#8220; mit n\u00e4hen will \u00a0und seine Arbeiten\u00a0mir zukommen l\u00e4\u00dft ist herzlich willkommn !<\/p>\n<p style=\"text-align: center;\"><span style=\"color: #ff0000;\">Dies ist nicht hoch genug einzusch\u00e4tzen und verdient jeden Respekt.<\/span><\/p>\n<p style=\"text-align: center;\">Es gibt keinen Gruppenzwang,\u00a0kein Gruppentreffen wer nicht will.<\/p>\n<p style=\"text-align: center;\">Schnitte und N\u00e4hanleitungen erhalten Sie \u00fcber mich.<\/p>\n<p style=\"text-align: center;\">Melden Sie sich bei mir, ich freu`mich dar\u00fcber.<\/p>\n<p style=\"text-align: center;\"><span style=\"color: #ff0000;\"><span style=\"color: #ff6600;\">Patchwork &amp; Co. Angelika Graichen<\/span> <\/span><br \/>\n<span style=\"color: #ff0000;\">Nelkenweg 7 42781 Haan &#8211; Gruiten<\/span><br \/>\n<span style=\"color: #008000;\">Telefon: 02104 \/46613<\/span><br \/>\n<span style=\"color: #333399;\">Angelika.g1206@gmx.de<\/span><br \/>\n<span style=\"color: #ff00ff;\">www.patchworkmanufaktur.de<\/span><\/p>\n<p style=\"text-align: center;\"><span style=\"color: #ff0000;\"><em>\u00a0<\/em><\/span><\/p>\n<p style=\"text-align: center;\">Zeitungsartikel \u00fcber die Quilt-Angles in der WZ:<\/p>\n<p style=\"text-align: center;\"><span style=\"color: #000000;\"><em><a href=\"http:\/\/www.patchworkmanufaktur.de\/wp-content\/uploads\/ZWZ.EADN_.jpg\" target=\"_blank\" rel=\"noopener\"><img loading=\"lazy\" decoding=\"async\" class=\"aligncenter size-medium wp-image-551\" title=\"Zeitungsartikel \u00fcber die Quilt-Angels in der WZ\" src=\"http:\/\/www.patchworkmanufaktur.de\/wp-content\/uploads\/ZWZ.EADN_-132x300.jpg\" alt=\"\" width=\"132\" height=\"300\" srcset=\"https:\/\/www.patchworkmanufaktur.de\/wp-content\/uploads\/ZWZ.EADN_-132x300.jpg 132w, https:\/\/www.patchworkmanufaktur.de\/wp-content\/uploads\/ZWZ.EADN_-452x1024.jpg 452w, https:\/\/www.patchworkmanufaktur.de\/wp-content\/uploads\/ZWZ.EADN_.jpg 634w\" sizes=\"auto, (max-width: 132px) 100vw, 132px\" \/><\/a>Mehr Information \u00fcber uns hier unter &#8220; soziale Projekte. <\/em><\/span><\/p>\n<p style=\"text-align: center;\">*******************<\/p>\n<p>&nbsp;<\/p>\n","protected":false},"excerpt":{"rendered":"<p>\u00a0 \u00a0 Wir, das sind die\u00a0Quilt-Angels. Frauen, die das gemeinsame Hobby PATCHWORK verbindet und der Wunsch zu helfen. Wir unterst\u00fctzen und realisieren caritative Projekte f\u00fcr Menschen,\u00a0welche nicht immer auf der Sonnenseite des Lebens stehen. Gen\u00e4ht, gepatcht und gequiltet werden Kissen &hellip; <a href=\"https:\/\/www.patchworkmanufaktur.de\/?page_id=338\">Weiterlesen <span class=\"meta-nav\">&rarr;<\/span><\/a><\/p>\n","protected":false},"author":2,"featured_media":0,"parent":941,"menu_order":1,"comment_status":"closed","ping_status":"closed","template":"","meta":{"footnotes":"","_links_to":"","_links_to_target":""},"class_list":["post-338","page","type-page","status-publish","hentry"],"_links":{"self":[{"href":"https:\/\/www.patchworkmanufaktur.de\/index.php?rest_route=\/wp\/v2\/pages\/338","targetHints":{"allow":["GET"]}}],"collection":[{"href":"https:\/\/www.patchworkmanufaktur.de\/index.php?rest_route=\/wp\/v2\/pages"}],"about":[{"href":"https:\/\/www.patchworkmanufaktur.de\/index.php?rest_route=\/wp\/v2\/types\/page"}],"author":[{"embeddable":true,"href":"https:\/\/www.patchworkmanufaktur.de\/index.php?rest_route=\/wp\/v2\/users\/2"}],"replies":[{"embeddable":true,"href":"https:\/\/www.patchworkmanufaktur.de\/index.php?rest_route=%2Fwp%2Fv2%2Fcomments&post=338"}],"version-history":[{"count":40,"href":"https:\/\/www.patchworkmanufaktur.de\/index.php?rest_route=\/wp\/v2\/pages\/338\/revisions"}],"predecessor-version":[{"id":2894,"href":"https:\/\/www.patchworkmanufaktur.de\/index.php?rest_route=\/wp\/v2\/pages\/338\/revisions\/2894"}],"up":[{"embeddable":true,"href":"https:\/\/www.patchworkmanufaktur.de\/index.php?rest_route=\/wp\/v2\/pages\/941"}],"wp:attachment":[{"href":"https:\/\/www.patchworkmanufaktur.de\/index.php?rest_route=%2Fwp%2Fv2%2Fmedia&parent=338"}],"curies":[{"name":"wp","href":"https:\/\/api.w.org\/{rel}","templated":true}]}}