{"id":33,"date":"2011-05-22T14:46:21","date_gmt":"2011-05-22T12:46:21","guid":{"rendered":"http:\/\/www.patchworkmanufaktur.de\/?page_id=33"},"modified":"2021-10-16T13:55:10","modified_gmt":"2021-10-16T11:55:10","slug":"home","status":"publish","type":"page","link":"https:\/\/www.patchworkmanufaktur.de\/","title":{"rendered":""},"content":{"rendered":"<p style=\"text-align: center;\"><strong><span style=\"color: #ff0000;\">Herzlich willkommen in meiner Patchworkmanufaktur !<\/span><\/strong><\/p>\n<p style=\"text-align: center;\">Wie der\u00a0 Name \u201e Manufaktur \u201e schon sagt, ist bei mir wirklich\u00a0alles 100 % von meiner eigener Hand gemacht.<\/p>\n<p style=\"text-align: center;\">Ich arbeite allein\u00a0mit Erfahrung, Talent, \u00a0Materiallust und Hingabe. Das sind gute\u00a0Eigenschaften kreativer\u00a0Geister.<\/p>\n<p style=\"text-align: center;\"><strong>\u00a0Die Patchworkmanufaktur befindet sich im eigenen\u00a0Haus, in den R\u00e4umen des ehemaligen \u00a0Friseursalons.<\/strong><\/p>\n<p style=\"text-align: center;\"><span style=\"color: #0000ff;\"><strong>Meine \u00d6ffnungszeiten richten sich nach der Nachfrage. \u00a0\u00a0<\/strong><\/span><\/p>\n<p style=\"text-align: center;\"><span style=\"color: #0000ff;\"><strong>Bitte rufen Sie mich an.\u00a0<\/strong><\/span><\/p>\n<p style=\"text-align: center;\"><strong>Telefon 02104\/46613<\/strong><\/p>\n<p style=\"text-align: center;\">F\u00fcr alle Besucher immer ein interessanter Einblick in\u00a0diese kunstvolle\u00a0Gestaltungswelt mit Stoffen.<\/p>\n<p style=\"text-align: center;\">Denn Kunst w\u00e4scht den Staub des Alltags von der Seele, schrieb<\/p>\n<p style=\"text-align: center;\">Pablo Picasso.<\/p>\n<p style=\"text-align: center;\">****************<\/p>\n<p style=\"text-align: center;\"><span style=\"color: #0000ff;\">Vielleicht fragen Sie sich, was ist ein Quilt? <\/span><\/p>\n<p style=\"text-align: center;\"><span style=\"color: #0000ff;\">Nun,\u00a0hier kommen ein paar\u00a0<\/span><span style=\"color: #0000ff;\">Infos:<\/span><\/p>\n<p style=\"text-align: center;\">Quilt ist Handarbeitskultur, zumindest in Amerika, wo diese spezielle Form der selbst gefertigten Steppdecke zur Familientradition z\u00e4hlt. Aufw\u00e4ndig gearbeitete Quilts werden \u00fcber Generationen vererbt, wobei neben dem unmittelbaren Nutzen einer warmen Decke die handarbeitliche Leistung und auch die symbolische Bedeutung der einzelnen Stoffst\u00fccke, der Patches, im Vordergrund stehen.<\/p>\n<p style=\"text-align: center;\">Ber\u00fchmt sind die Quilts der Amish, deren geometrische Muster sich aus ihren Lebensprinzipien der Einfachheit und Schlichtheit ableiten.<\/p>\n<p style=\"text-align: center;\">Eine Quiltdecke wird in der Regel aus drei Lagen gefertigt.<\/p>\n<p style=\"text-align: center;\">Die Oberseite, auch Schauseite oder Top genannt, wird aus verschiedenen Stoffst\u00fccken zu gleich gro\u00dfen Bl\u00f6cken\u00a0 zusammengen\u00e4ht. Die polsternde und w\u00e4rmende Zwischenlage bildet ein Vlies und die Unterseite, also die R\u00fcckseite kann aus einer einzigen Stoffbahn bestehen, oder auch gro\u00dfz\u00fcgig gepatcht sein, und schlie\u00dft somit die Lagen ab.<\/p>\n<p style=\"text-align: center;\">Um die drei Lagen zu verbinden, wird durch alle Lagen gequiltet ( gesteppt ), das hei\u00dft, sie werden mit einem speziellen Quiltstich (Zierstiche) verbunden; wodurch eine plastische Oberfl\u00e4che entsteht, die der einer Steppdecke\u00a0\u00e4hnelt. Traditionell wird dies von Hand gearbeitet. Es ist m\u00fchselig und zeitaufwendig.<\/p>\n<p style=\"text-align: center;\">Es gibt auch Maschinenquiltung in unterschiedlichen Techniken.<\/p>\n<p style=\"text-align: center;\">**************************************<\/p>\n<p style=\"text-align: center;\"><b>Hier ein 90 Jahre alter\u00a0<\/b><span style=\"font-weight: 600;\">Quilt<\/span><b>\u00a0&#8211; ein St\u00fcck Zeitgeschichte.<\/b><\/p>\n<p style=\"text-align: center;\">Es spiegelt auch die Armut Irlands nach der grossen Hungersnot 1848\/49 wieder, als das ausgehungerte Land nichts mehr hergab und viele Iren deshalb zum auswandern gezwungen waren.<\/p>\n<p style=\"text-align: center;\">Nichts, aber auch gar nichts wurde verschwendet.\u00a0 Aus der bitteren Armut heraus!<\/p>\n<p style=\"text-align: center;\">Jack Drury aus Derry ging, zum damals verhassten\u00a0 britischen Milit\u00e4r,\u00a0 weil M\u00e4nner in Derry in den 60ern keine Arbeit fanden.<\/p>\n<p style=\"text-align: center;\"><strong>Derry war bekannt f\u00fcr seine hervorragend gen\u00e4hten Textilien.<\/strong><\/p>\n<p style=\"text-align: center;\">Ende 1972 schloss die letzte Fabrik. Gas Shirts, heute ein gesch\u00fctzer Begriff wurden zu Hauf in Derry gen\u00e4ht.<\/p>\n<p style=\"text-align: center;\">Arbeiterinnen konnten g\u00fcnstig die Reste bzw. Abschnitte erstehen und n\u00e4hten daraus Quilts, heisst, Bettdecken\u00a0 &#8211; Federbetten waren <u>unerschwinglich.<\/u><\/p>\n<p style=\"text-align: center;\">Alte br\u00fcchige oder kaputte Quilts wurden in neuen als Innenleben verwendet.<\/p>\n<p style=\"text-align: center;\">Jack Drury hat mit seinem Bruder Jimmy der Grossmutter zugearbeitet indem sie die Reste zugeschnitten haben.<\/p>\n<p style=\"text-align: center;\">Man k\u00f6nnte noch stundenlang \u00fcber die Geschichte dieses Quilts erz\u00e4hlen.<\/p>\n<p><a href=\"http:\/\/www.patchworkmanufaktur.de\/wp-content\/uploads\/20190818_160950.jpeg\"><img loading=\"lazy\" decoding=\"async\" class=\"wp-image-2554 alignnone aligncenter\" src=\"http:\/\/www.patchworkmanufaktur.de\/wp-content\/uploads\/20190818_160950.jpeg\" alt=\"\" width=\"150\" height=\"200\" srcset=\"https:\/\/www.patchworkmanufaktur.de\/wp-content\/uploads\/20190818_160950.jpeg 480w, https:\/\/www.patchworkmanufaktur.de\/wp-content\/uploads\/20190818_160950-225x300.jpeg 225w\" sizes=\"auto, (max-width: 150px) 100vw, 150px\" \/><\/a><a href=\"http:\/\/www.patchworkmanufaktur.de\/wp-content\/uploads\/20190818_161441.jpeg\"><img loading=\"lazy\" decoding=\"async\" class=\"wp-image-2553 aligncenter\" src=\"http:\/\/www.patchworkmanufaktur.de\/wp-content\/uploads\/20190818_161441.jpeg\" alt=\"\" width=\"150\" height=\"200\" srcset=\"https:\/\/www.patchworkmanufaktur.de\/wp-content\/uploads\/20190818_161441.jpeg 480w, https:\/\/www.patchworkmanufaktur.de\/wp-content\/uploads\/20190818_161441-225x300.jpeg 225w\" sizes=\"auto, (max-width: 150px) 100vw, 150px\" \/><\/a><a href=\"http:\/\/www.patchworkmanufaktur.de\/wp-content\/uploads\/20190818_161433.jpeg\"><img loading=\"lazy\" decoding=\"async\" class=\"wp-image-2551 aligncenter\" src=\"http:\/\/www.patchworkmanufaktur.de\/wp-content\/uploads\/20190818_161433.jpeg\" alt=\"\" width=\"161\" height=\"199\" srcset=\"https:\/\/www.patchworkmanufaktur.de\/wp-content\/uploads\/20190818_161433.jpeg 480w, https:\/\/www.patchworkmanufaktur.de\/wp-content\/uploads\/20190818_161433-243x300.jpeg 243w\" sizes=\"auto, (max-width: 161px) 100vw, 161px\" \/><\/a><\/p>\n<p style=\"text-align: center;\">Die Drurys\u00a0 sind schon in der <strong>4. Generationen\u00a0<\/strong>welche diese<\/p>\n<p style=\"text-align: center;\"><strong>altirische Tradition <\/strong><\/p>\n<p style=\"text-align: center;\">zu ihrer Berufung gemacht haben.<\/p>\n<p style=\"text-align: center;\">Maeve, eine Schwester von Jacky lebt noch in Irland und erz\u00e4hlte, das Jacky sicher sehr stolz auf seine Frau Ute w\u00e4re, weil sie sich mit Leidenschaft dieser <u>alten irischen Tradition\u00a0<\/u>widmet.<\/p>\n<p style=\"text-align: center;\">Das Bildmaterial wurde mir von Familie Drury zur Verf\u00fcgung gestellt.<\/p>\n<p style=\"text-align: center;\">Wer noch mehr \u00fcber die Geschichte der Quilts wissen m\u00f6chte kann sein Wissen im Ulster American Folk Museum erweitern.<\/p>\n<p>**********************************************************************<\/p>\n<p style=\"text-align: center;\">Nun w\u00fcnsche ich \u00a0Ihnen viel Freude beim St\u00f6bern und Informieren in meiner Patchworkmanufaktur.<\/p>\n<p style=\"text-align: center;\">Wenn Sie Interesse an meinen Arbeiten haben, freue ich mich \u00fcber Ihren Anruf oder auch eine e-Mai<\/p>\n<p style=\"text-align: center;\"><span style=\"color: #0000ff;\">Die Patchworkmanufaktur by\u00a0<\/span>Angelika Graichen<br \/>\nNelkenweg 7 42781 Haan &#8211; Gruiten<br \/>\n<span style=\"color: #ff0000;\">Telefon: 02104 \/46613<\/span><br \/>\ne-Mail:<span style=\"color: #008000;\">\u00a0angelika.g1206@gmx.de<\/span><br \/>\n<span style=\"color: #ff6600;\">www.patchworkmanufaktur.de<\/span><\/p>\n","protected":false},"excerpt":{"rendered":"<p>Herzlich willkommen in meiner Patchworkmanufaktur ! Wie der\u00a0 Name \u201e Manufaktur \u201e schon sagt, ist bei mir wirklich\u00a0alles 100 % von meiner eigener Hand gemacht. Ich arbeite allein\u00a0mit Erfahrung, Talent, \u00a0Materiallust und Hingabe. Das sind gute\u00a0Eigenschaften kreativer\u00a0Geister. \u00a0Die Patchworkmanufaktur befindet &hellip; <a href=\"https:\/\/www.patchworkmanufaktur.de\/\">Weiterlesen <span class=\"meta-nav\">&rarr;<\/span><\/a><\/p>\n","protected":false},"author":2,"featured_media":0,"parent":0,"menu_order":1,"comment_status":"closed","ping_status":"closed","template":"","meta":{"footnotes":"","_links_to":"","_links_to_target":""},"class_list":["post-33","page","type-page","status-publish","hentry"],"_links":{"self":[{"href":"https:\/\/www.patchworkmanufaktur.de\/index.php?rest_route=\/wp\/v2\/pages\/33","targetHints":{"allow":["GET"]}}],"collection":[{"href":"https:\/\/www.patchworkmanufaktur.de\/index.php?rest_route=\/wp\/v2\/pages"}],"about":[{"href":"https:\/\/www.patchworkmanufaktur.de\/index.php?rest_route=\/wp\/v2\/types\/page"}],"author":[{"embeddable":true,"href":"https:\/\/www.patchworkmanufaktur.de\/index.php?rest_route=\/wp\/v2\/users\/2"}],"replies":[{"embeddable":true,"href":"https:\/\/www.patchworkmanufaktur.de\/index.php?rest_route=%2Fwp%2Fv2%2Fcomments&post=33"}],"version-history":[{"count":66,"href":"https:\/\/www.patchworkmanufaktur.de\/index.php?rest_route=\/wp\/v2\/pages\/33\/revisions"}],"predecessor-version":[{"id":2881,"href":"https:\/\/www.patchworkmanufaktur.de\/index.php?rest_route=\/wp\/v2\/pages\/33\/revisions\/2881"}],"wp:attachment":[{"href":"https:\/\/www.patchworkmanufaktur.de\/index.php?rest_route=%2Fwp%2Fv2%2Fmedia&parent=33"}],"curies":[{"name":"wp","href":"https:\/\/api.w.org\/{rel}","templated":true}]}}